{"id":79,"date":"2018-10-22T07:35:35","date_gmt":"2018-10-22T07:35:35","guid":{"rendered":"https:\/\/demo.ovatheme.com\/hozing\/?page_id=79"},"modified":"2024-04-24T17:03:14","modified_gmt":"2024-04-24T17:03:14","slug":"rooms","status":"publish","type":"page","link":"https:\/\/nostaljihostel.com\/tr\/rooms\/","title":{"rendered":"Odalar"},"content":{"rendered":"<div data-elementor-type=\"wp-post\" data-elementor-id=\"79\" class=\"elementor elementor-79\">\n\t\t\t\t<div class=\"elementor-element elementor-element-0d8219b e-flex e-con-boxed e-con e-parent\" data-id=\"0d8219b\" data-element_type=\"container\">\n\t\t\t\t\t<div class=\"e-con-inner\">\n\t\t\t\t<div class=\"elementor-element elementor-element-9963f9e elementor-widget elementor-widget-ova_room_category\" data-id=\"9963f9e\" data-element_type=\"widget\" data-widget_type=\"ova_room_category.default\">\n\t\t\t\t<div class=\"elementor-widget-container\">\n\t\t\t\t\t\n\t\t\n        <div class=\"woocommerce hozing_wrap_product_grid\">\n        \t<div class=\"container\">\n\t\t\t\t<div class=\"row\">\n\t\t\t\t\t\n\t\t            \t              \t\n\t              \t<div class=\"col-lg-4 col-md-12\">\n\t\t              \t<div class=\"rental_item_grid\">\n\t\t\t\t\t\t\t<div class=\"border-box  odd\">\n\t\t\t\t\t\t\t\t<div class=\"wrap_img\">\n\t\t\t\t\t\t\t\t\t<div class=\"images_thumb\">\n\t\t\t\t\t\t\t\t\t\t<img decoding=\"async\" src=\"https:\/\/nostaljihostel.com\/wp-content\/uploads\/2024\/04\/5583643e-7813-4e84-86c7-cf5c67306978-545x405.jpg\" alt=\"\" \/>\n\t\t\t\t\t\t\t\t\t<\/div>\n\t\t\t\t\t\t\t\t\t \n\t\t\t\t\t\t            <div class=\"price_night\">               \n\t\t\t\t\t\t                <span class=\"wrap_content\">\n\t\t\t\t\t\t                    <span class=\"time-night\">From:<\/span>\n\t\t\t\t\t\t                    \t\t\t\t\t\t                    <span class=\"time-night\">\/ Night<\/span>\n\t\t\t\t\t\t                <\/span>              \n\t\t\t\t\t\t            <\/div>\n\t\t\t\t\t\t\t        \t\t\t\t\t\t\t\t<\/div>\n\n\t\t\t\t\t\t\t\t<div class=\"content\">\n\t\t\t\t\t\t\t\t\t \n\t\t\t\t\t\t            <div class=\"price_night\">               \n\t\t\t\t\t\t                <span class=\"wrap_content\">\n\t\t\t\t\t\t                    <span class=\"time-night\">From:<\/span>\n\t\t\t\t\t\t                    \t\t\t\t\t\t                    <span class=\"time-night\">\/ Night<\/span>\n\t\t\t\t\t\t                <\/span>              \n\t\t\t\t\t\t            <\/div>\n\t\t\t\t\t\t\t        \t\t\t\t\t\t\t\t\t<h3 class=\"second_font\"><a href=\"https:\/\/nostaljihostel.com\/tr\/product\/shared-dormitory-mixed-bunk-bed-room\/\">Shared Dormitory, Mixed Bunk Bed Room<\/a><\/h3>\n\t\t\t\t\t\t\t\t\t \n\t\t\t\t\t\t            <ul class=\"specical-infor\">\n\t\t\t\t\t\t                \t\t\t\t\t\t                \t\t\t\t\t\t                    <li class=\"d-inline-flex\"><span>\n\t\t\t\t\t\t                        12\t\t\t\t\t\t                        Adults<\/span><\/li>\t\t\t\t\t\t                \t\t\t\t\t\t                    <li class=\"d-inline-flex\"><span>\n\t\t\t\t\t\t                        0\t\t\t\t\t\t                        Childrens<\/span><\/li>\t\t\t\t\t\t                \t\t\t\t\t\t            <\/ul>\n\t\t\t\t\t\t            <p>As Nostalji Hostel, our mission is to offer comfortable, stylish, convenient and affordable accommodation in Istanbul at unbeatable<\/p>\n\t\t\t\t\t\t\t\t<\/div>\n\t\t\t\t\t\t\t<\/div>\n\t\t\t\t\t\t<\/div>\n\t\t\t\t\t<\/div>\n\t\t\t\t\n\t\t\t\t\t\t              \t\n\t              \t<div class=\"col-lg-4 col-md-12\">\n\t\t              \t<div class=\"rental_item_grid\">\n\t\t\t\t\t\t\t<div class=\"border-box  even\">\n\t\t\t\t\t\t\t\t<div class=\"wrap_img\">\n\t\t\t\t\t\t\t\t\t<div class=\"images_thumb\">\n\t\t\t\t\t\t\t\t\t\t<img decoding=\"async\" src=\"https:\/\/nostaljihostel.com\/wp-content\/uploads\/2024\/04\/IMG_7799-545x405.jpg\" alt=\"\" \/>\n\t\t\t\t\t\t\t\t\t<\/div>\n\t\t\t\t\t\t\t\t\t \n\t\t\t\t\t\t            <div class=\"price_night\">               \n\t\t\t\t\t\t                <span class=\"wrap_content\">\n\t\t\t\t\t\t                    <span class=\"time-night\">From:<\/span>\n\t\t\t\t\t\t                    \t\t\t\t\t\t                    <span class=\"time-night\">\/ Night<\/span>\n\t\t\t\t\t\t                <\/span>              \n\t\t\t\t\t\t            <\/div>\n\t\t\t\t\t\t\t        \t\t\t\t\t\t\t\t<\/div>\n\n\t\t\t\t\t\t\t\t<div class=\"content\">\n\t\t\t\t\t\t\t\t\t \n\t\t\t\t\t\t            <div class=\"price_night\">               \n\t\t\t\t\t\t                <span class=\"wrap_content\">\n\t\t\t\t\t\t                    <span class=\"time-night\">From:<\/span>\n\t\t\t\t\t\t                    \t\t\t\t\t\t                    <span class=\"time-night\">\/ Night<\/span>\n\t\t\t\t\t\t                <\/span>              \n\t\t\t\t\t\t            <\/div>\n\t\t\t\t\t\t\t        \t\t\t\t\t\t\t\t\t<h3 class=\"second_font\"><a href=\"https:\/\/nostaljihostel.com\/tr\/product\/shared-dormitory-and-bunk-bed-room-for-women\/\">Shared Dormitory and Bunk Bed Room for Women<\/a><\/h3>\n\t\t\t\t\t\t\t\t\t \n\t\t\t\t\t\t            <ul class=\"specical-infor\">\n\t\t\t\t\t\t                \t\t\t\t\t\t                \t\t\t\t\t\t                    <li class=\"d-inline-flex\"><span>\n\t\t\t\t\t\t                        12\t\t\t\t\t\t                        Adults<\/span><\/li>\t\t\t\t\t\t                \t\t\t\t\t\t                    <li class=\"d-inline-flex\"><span>\n\t\t\t\t\t\t                        0\t\t\t\t\t\t                        Childrens<\/span><\/li>\t\t\t\t\t\t                                               \n\t\t\t\t\t\t                            <li class=\"d-inline-flex\">\n\t\t\t\t\t\t                                <span class=\"label\">Yatak<\/span>\n\t\t\t\t\t\t                            <\/li>\n\t\t\t\t\t\t                            \t\t\t\t\t\t            <\/ul>\n\t\t\t\t\t\t            <p>We have everything you need to enjoy your stay and feel comfortable, from our reception to our cafe<\/p>\n\t\t\t\t\t\t\t\t<\/div>\n\t\t\t\t\t\t\t<\/div>\n\t\t\t\t\t\t<\/div>\n\t\t\t\t\t<\/div>\n\t\t\t\t\n\t\t\t\t\t\t\t\t\t\t<div class=\"view_all_room\"><a class=\"view-all\" href=\"https:\/\/nostaljihostel.com\/tr\/product-category\/luxury-room\/\" >View All Room<\/a><\/div>\n\t\t\t\t<\/div>\n         \t<\/div>                \t                               \t                            \t                          \t              \t        \n\t    <\/div> <!-- hozing_product_slider -->\n\n\t\t\t<\/div>\n\t\t\t\t<\/div>\n\t\t\t\t\t<\/div>\n\t\t\t\t<\/div>\n\t\t\t\t<\/div>","protected":false},"excerpt":{"rendered":"<p>From: &#8378;250,00 Orijinal fiyat: &#8378;250,00.&#8378;200,00\u015eu andaki fiyat: &#8378;200,00. \/ Night From: &#8378;250,00 Orijinal fiyat: &#8378;250,00.&#8378;200,00\u015eu andaki fiyat: &#8378;200,00. \/ Night Ortak Yatakhane, Karma Ranzal\u0131 Oda 12 Adults 0 Childrens Nostalji Hostel olarak misyonumuz \u0130stanbul&#8217;da konforlu, \u015f\u0131k, kullan\u0131\u015fl\u0131 ve uygun fiyatl\u0131 konaklamay\u0131 rakipsiz fiyatlarla sunmakt\u0131r. Konumumuz Taksim meydan\u0131na From: &#8378;200,00 \/ Night From: &#8378;200,00 \/ Night [&hellip;]<\/p>","protected":false},"author":1,"featured_media":0,"parent":0,"menu_order":0,"comment_status":"closed","ping_status":"closed","template":"elementor_header_footer","meta":{"footnotes":""},"class_list":["post-79","page","type-page","status-publish","hentry"],"_links":{"self":[{"href":"https:\/\/nostaljihostel.com\/tr\/wp-json\/wp\/v2\/pages\/79","targetHints":{"allow":["GET"]}}],"collection":[{"href":"https:\/\/nostaljihostel.com\/tr\/wp-json\/wp\/v2\/pages"}],"about":[{"href":"https:\/\/nostaljihostel.com\/tr\/wp-json\/wp\/v2\/types\/page"}],"author":[{"embeddable":true,"href":"https:\/\/nostaljihostel.com\/tr\/wp-json\/wp\/v2\/users\/1"}],"replies":[{"embeddable":true,"href":"https:\/\/nostaljihostel.com\/tr\/wp-json\/wp\/v2\/comments?post=79"}],"version-history":[{"count":11,"href":"https:\/\/nostaljihostel.com\/tr\/wp-json\/wp\/v2\/pages\/79\/revisions"}],"predecessor-version":[{"id":7235,"href":"https:\/\/nostaljihostel.com\/tr\/wp-json\/wp\/v2\/pages\/79\/revisions\/7235"}],"wp:attachment":[{"href":"https:\/\/nostaljihostel.com\/tr\/wp-json\/wp\/v2\/media?parent=79"}],"curies":[{"name":"wp","href":"https:\/\/api.w.org\/{rel}","templated":true}]}}